{"id":60,"date":"2016-12-06T19:35:26","date_gmt":"2016-12-06T18:35:26","guid":{"rendered":"http:\/\/elektro-roenitz.de\/?page_id=60"},"modified":"2023-04-20T21:50:25","modified_gmt":"2023-04-20T19:50:25","slug":"24-h-service","status":"publish","type":"page","link":"https:\/\/www.elektro-roenitz.de\/?page_id=60","title":{"rendered":"24 h Service"},"content":{"rendered":"<p><a href=\"http:\/\/elektro-roenitz.de\/wp-content\/uploads\/2016\/11\/cropped-Fotolia_92709437_M-Schnitt_960_316_c1.jpg\"><img decoding=\"async\" loading=\"lazy\" class=\"alignnone wp-image-16 size-full\" src=\"http:\/\/elektro-roenitz.de\/wp-content\/uploads\/2016\/11\/cropped-Fotolia_92709437_M-Schnitt_960_316_c1.jpg\" alt=\"cropped-Fotolia_92709437_M-Schnitt_960_316_c1.jpg\" width=\"891\" height=\"196\" srcset=\"https:\/\/www.elektro-roenitz.de\/wp-content\/uploads\/2016\/11\/cropped-Fotolia_92709437_M-Schnitt_960_316_c1.jpg 891w, https:\/\/www.elektro-roenitz.de\/wp-content\/uploads\/2016\/11\/cropped-Fotolia_92709437_M-Schnitt_960_316_c1-300x66.jpg 300w, https:\/\/www.elektro-roenitz.de\/wp-content\/uploads\/2016\/11\/cropped-Fotolia_92709437_M-Schnitt_960_316_c1-768x169.jpg 768w\" sizes=\"(max-width: 891px) 100vw, 891px\" \/><\/a><\/p>\n<p>F\u00fcr Kunden, die einen st\u00f6rungsfreien Betrieb ihrer Anlagen rund um die Uhr an Werk- und Feiertagen ben\u00f6tigen, bieten wir seit Jahren eine 24h Rufbereitschaft an. Voraussetzung f\u00fcr die Nutzung unserer Rufbereitschaft ist der Abschluss einer Vereinbarung. Kunden mit Rufbereitschaft erhalten eine Sonderrufnummer, um au\u00dferhalb der regul\u00e4ren B\u00fcrozeiten jederzeit einen Monteur zu erreichen.<\/p>\n","protected":false},"excerpt":{"rendered":"<p>F\u00fcr Kunden, die einen st\u00f6rungsfreien Betrieb ihrer Anlagen rund um die Uhr an Werk- und Feiertagen ben\u00f6tigen, bieten wir seit Jahren eine 24h Rufbereitschaft an. Voraussetzung f\u00fcr die Nutzung unserer&hellip; <\/p>\n","protected":false},"author":2,"featured_media":0,"parent":0,"menu_order":0,"comment_status":"closed","ping_status":"closed","template":"","meta":[],"_links":{"self":[{"href":"https:\/\/www.elektro-roenitz.de\/index.php?rest_route=\/wp\/v2\/pages\/60"}],"collection":[{"href":"https:\/\/www.elektro-roenitz.de\/index.php?rest_route=\/wp\/v2\/pages"}],"about":[{"href":"https:\/\/www.elektro-roenitz.de\/index.php?rest_route=\/wp\/v2\/types\/page"}],"author":[{"embeddable":true,"href":"https:\/\/www.elektro-roenitz.de\/index.php?rest_route=\/wp\/v2\/users\/2"}],"replies":[{"embeddable":true,"href":"https:\/\/www.elektro-roenitz.de\/index.php?rest_route=%2Fwp%2Fv2%2Fcomments&post=60"}],"version-history":[{"count":2,"href":"https:\/\/www.elektro-roenitz.de\/index.php?rest_route=\/wp\/v2\/pages\/60\/revisions"}],"predecessor-version":[{"id":73,"href":"https:\/\/www.elektro-roenitz.de\/index.php?rest_route=\/wp\/v2\/pages\/60\/revisions\/73"}],"wp:attachment":[{"href":"https:\/\/www.elektro-roenitz.de\/index.php?rest_route=%2Fwp%2Fv2%2Fmedia&parent=60"}],"curies":[{"name":"wp","href":"https:\/\/api.w.org\/{rel}","templated":true}]}}