{"id":38,"date":"2016-11-29T11:18:55","date_gmt":"2016-11-29T10:18:55","guid":{"rendered":"http:\/\/elektro-roenitz.de\/?page_id=38"},"modified":"2016-12-06T19:46:06","modified_gmt":"2016-12-06T18:46:06","slug":"leitbild","status":"publish","type":"page","link":"https:\/\/www.elektro-roenitz.de\/?page_id=38","title":{"rendered":"Leitbild"},"content":{"rendered":"<p align=\"left\"><img decoding=\"async\" loading=\"lazy\" class=\"alignnone wp-image-39 \" src=\"http:\/\/elektro-roenitz.de\/wp-content\/uploads\/2016\/11\/Fotolia_92499322_Subscription_Monthly_M-768x384-e1480414677872.jpg\" alt=\"fotolia_92499322_subscription_monthly_m-768x384\" width=\"551\" height=\"166\" srcset=\"https:\/\/www.elektro-roenitz.de\/wp-content\/uploads\/2016\/11\/Fotolia_92499322_Subscription_Monthly_M-768x384-e1480414677872.jpg 758w, https:\/\/www.elektro-roenitz.de\/wp-content\/uploads\/2016\/11\/Fotolia_92499322_Subscription_Monthly_M-768x384-e1480414677872-300x90.jpg 300w\" sizes=\"(max-width: 551px) 100vw, 551px\" \/><\/p>\n<p align=\"left\"><span class=\"Stil5\">unser Leitbild<\/span><\/p>\n<p align=\"left\"><strong><u>F\u00fchrung:<\/u><\/strong> Bei Elektro MSR Anlagen Egbert Roenitz erhalten Sie die Qualit\u00e4t und den Service, den Sie von einem Dienstleister erwarten. Die wechselnden Anspr\u00fcche unserer Kunden sowie neue Marktchancen sorgen daf\u00fcr, dass sich unser Unternehmen st\u00e4ndig weiterentwickelt. Sie k\u00f6nnen sicher sein, dass Sie durch die Zusammenarbeit mit Elektro MSR Anlagen Egbert Roenitz in den Genuss der neuesten Dienstleistungen, Technologien und Entwicklungen der Branche kommen werden.<br \/>\n<strong><br \/>\n<u>Teamwork:<\/u><\/strong> Es geh\u00f6rt zu unseren Aufgaben, Sie und Ihr Unternehmen genau zu kennen. Wir arbeiten eng mit Ihnen zusammen, um sicher zu stellen, dass die L\u00f6sungen, die wir Ihnen anbieten, genau auf Ihre besonderen Bed\u00fcrfnisse und Anforderungen zugeschnitten sind. Ihr Erfolg ist auch unser Erfolg.<\/p>\n<p align=\"left\">\n","protected":false},"excerpt":{"rendered":"<p>unser Leitbild F\u00fchrung: Bei Elektro MSR Anlagen Egbert Roenitz erhalten Sie die Qualit\u00e4t und den Service, den Sie von einem Dienstleister erwarten. Die wechselnden Anspr\u00fcche unserer Kunden sowie neue Marktchancen&hellip; <\/p>\n","protected":false},"author":1,"featured_media":0,"parent":0,"menu_order":0,"comment_status":"closed","ping_status":"closed","template":"","meta":[],"_links":{"self":[{"href":"https:\/\/www.elektro-roenitz.de\/index.php?rest_route=\/wp\/v2\/pages\/38"}],"collection":[{"href":"https:\/\/www.elektro-roenitz.de\/index.php?rest_route=\/wp\/v2\/pages"}],"about":[{"href":"https:\/\/www.elektro-roenitz.de\/index.php?rest_route=\/wp\/v2\/types\/page"}],"author":[{"embeddable":true,"href":"https:\/\/www.elektro-roenitz.de\/index.php?rest_route=\/wp\/v2\/users\/1"}],"replies":[{"embeddable":true,"href":"https:\/\/www.elektro-roenitz.de\/index.php?rest_route=%2Fwp%2Fv2%2Fcomments&post=38"}],"version-history":[{"count":3,"href":"https:\/\/www.elektro-roenitz.de\/index.php?rest_route=\/wp\/v2\/pages\/38\/revisions"}],"predecessor-version":[{"id":65,"href":"https:\/\/www.elektro-roenitz.de\/index.php?rest_route=\/wp\/v2\/pages\/38\/revisions\/65"}],"wp:attachment":[{"href":"https:\/\/www.elektro-roenitz.de\/index.php?rest_route=%2Fwp%2Fv2%2Fmedia&parent=38"}],"curies":[{"name":"wp","href":"https:\/\/api.w.org\/{rel}","templated":true}]}}